{"id":240,"date":"2025-12-03T11:54:18","date_gmt":"2025-12-03T11:54:18","guid":{"rendered":"https:\/\/zamboconson.com\/?page_id=240"},"modified":"2026-04-02T20:56:59","modified_gmt":"2026-04-02T20:56:59","slug":"ticketvorverkauf","status":"publish","type":"page","link":"https:\/\/zamboconson.de\/?page_id=240","title":{"rendered":"Ticketvorverkauf"},"content":{"rendered":"\n<p>Tickets:<a href=\"https:\/\/salsadomingo.cortex-tickets.de\">https:\/\/salsadomingo.cortex-tickets.de<\/a><\/p>\n\n\n\n<p><strong>26.4.2026, 16:30 &#8211; 21:30 Uhr: Zambo con Son &#8211; Live Salsa und Timba Cubana am Sonntagnachmittag I Augustiner Ewiges Licht, W\u00e4lsungenstra\u00dfe 1<\/strong><\/p>\n\n\n\n<p>Erlebt einen besonderen Abend mit k\u00f6stlichem Essen, erfrischenden Getr\u00e4nken und mitreissender lateinamerikanischer Musik.<\/p>\n\n\n\n<p>Zwischen 17:30 und 20:00 Uhr sorgt die Band Zambo Con Son live on stage f\u00fcr Stimmung. In den Pausen legt DJ Papi Latino Salsa- und Timba-Hits auf \u2013 perfekt zum Tanzen oder einfach zum Genie\u00dfen.<\/p>\n\n\n\n<p>Das Team vom Augustiner Ewiges Licht verw\u00f6hnt euch an diesem Nachmittag mit einer k\u00f6stlichen Mischung aus bayerischen Schmankerln und lateinamerikanischen Spezialit\u00e4ten. <\/p>\n\n\n\n<p><strong>Sichert euch jetzt eure Tickets im Vorverkauf (bis 25.4.2026): 10 Euro \/ Abendkasse: 15 Euro.<\/strong><\/p>\n\n\n\n<p>Tickets: <a href=\"https:\/\/salsadomingo.cortex-tickets.de\">https:\/\/salsadomingo.cortex-tickets.de<\/a><\/p>\n\n\n\n<p>Oder per Mail unter: tickets@zamboconson.de<\/p>\n\n\n\n<div class=\"wp-block-columns is-layout-flex wp-container-core-columns-is-layout-9d6595d7 wp-block-columns-is-layout-flex\">\n<div class=\"wp-block-column is-layout-flow wp-block-column-is-layout-flow\" style=\"flex-basis:40%\">\n<figure class=\"wp-block-embed is-type-video is-provider-youtube wp-block-embed-youtube\"><div class=\"wp-block-embed__wrapper\">\n<iframe loading=\"lazy\" title=\"Zambo Con Son @ Toolwoodfestival #livemusic\" width=\"563\" height=\"1000\" src=\"https:\/\/www.youtube.com\/embed\/E1iw2FNlTkg?feature=oembed\" frameborder=\"0\" allow=\"accelerometer; autoplay; clipboard-write; encrypted-media; gyroscope; picture-in-picture; web-share\" referrerpolicy=\"strict-origin-when-cross-origin\" allowfullscreen><\/iframe>\n<\/div><\/figure>\n<\/div>\n\n\n\n<div class=\"wp-block-column is-layout-flow wp-block-column-is-layout-flow\" style=\"flex-basis:50%\"><\/div>\n<\/div>\n","protected":false},"excerpt":{"rendered":"<p>Tickets:https:\/\/salsadomingo.cortex-tickets.de 26.4.2026, 16:30 &#8211; 21:30 Uhr: Zambo con Son &#8211; Live Salsa und Timba Cubana am Sonntagnachmittag I Augustiner Ewiges Licht, W\u00e4lsungenstra\u00dfe 1 Erlebt einen besonderen Abend mit k\u00f6stlichem Essen, erfrischenden Getr\u00e4nken und mitreissender lateinamerikanischer Musik. Zwischen 17:30 und 20:00 Uhr sorgt die Band Zambo Con Son live on stage f\u00fcr Stimmung. In den Pausen <a href=\"https:\/\/zamboconson.de\/?page_id=240\" class=\"read-more inline\">Read More<\/a><\/p>\n","protected":false},"author":1,"featured_media":0,"parent":0,"menu_order":0,"comment_status":"closed","ping_status":"closed","template":"","meta":{"footnotes":""},"class_list":["post-240","page","type-page","status-publish","hentry"],"_links":{"self":[{"href":"https:\/\/zamboconson.de\/index.php?rest_route=\/wp\/v2\/pages\/240","targetHints":{"allow":["GET"]}}],"collection":[{"href":"https:\/\/zamboconson.de\/index.php?rest_route=\/wp\/v2\/pages"}],"about":[{"href":"https:\/\/zamboconson.de\/index.php?rest_route=\/wp\/v2\/types\/page"}],"author":[{"embeddable":true,"href":"https:\/\/zamboconson.de\/index.php?rest_route=\/wp\/v2\/users\/1"}],"replies":[{"embeddable":true,"href":"https:\/\/zamboconson.de\/index.php?rest_route=%2Fwp%2Fv2%2Fcomments&post=240"}],"version-history":[{"count":24,"href":"https:\/\/zamboconson.de\/index.php?rest_route=\/wp\/v2\/pages\/240\/revisions"}],"predecessor-version":[{"id":280,"href":"https:\/\/zamboconson.de\/index.php?rest_route=\/wp\/v2\/pages\/240\/revisions\/280"}],"wp:attachment":[{"href":"https:\/\/zamboconson.de\/index.php?rest_route=%2Fwp%2Fv2%2Fmedia&parent=240"}],"curies":[{"name":"wp","href":"https:\/\/api.w.org\/{rel}","templated":true}]}}