{"id":70,"date":"2025-07-25T19:48:39","date_gmt":"2025-07-25T19:48:39","guid":{"rendered":"https:\/\/zamboconson.com\/?page_id=70"},"modified":"2026-01-07T14:14:02","modified_gmt":"2026-01-07T14:14:02","slug":"zambo-solo","status":"publish","type":"page","link":"https:\/\/zamboconson.de\/?page_id=70","title":{"rendered":"Zambo Solo"},"content":{"rendered":"\n<p><\/p>\n\n\n\n<figure class=\"wp-block-embed is-type-video is-provider-youtube wp-block-embed-youtube\"><div class=\"wp-block-embed__wrapper\">\n<iframe loading=\"lazy\" title=\"Gracias a la Vida Fuji D65 Crop 214\" width=\"800\" height=\"450\" src=\"https:\/\/www.youtube.com\/embed\/_LX-iIaDsuU?start=14&#038;feature=oembed\" frameborder=\"0\" allow=\"accelerometer; autoplay; clipboard-write; encrypted-media; gyroscope; picture-in-picture; web-share\" referrerpolicy=\"strict-origin-when-cross-origin\" allowfullscreen><\/iframe>\n<\/div><\/figure>\n\n\n\n<p><\/p>\n\n\n\n<h2 class=\"wp-block-heading\">S\u00fcdamerikanisches Gef\u00fchl mit Zambo<\/h2>\n\n\n\n<p class=\"has-medium-font-size\">Neben <em>Gracias a la Vida<\/em> spielt Zambo viele andere bekannte kubanische und s\u00fcdamerikanische Klassiker und Kompositionen.<\/p>\n\n\n\n<p class=\"has-medium-font-size\">Sie k\u00f6nnen Zambo auch in kleineren Formationen mit anderen Musikern buchen, f\u00fcr Ihre Party, Ihre Hochzeit oder andere Gelegenheiten, es wird auf jeden Fall ein unvergessliches und lebensfrohes Erlebnis!<\/p>\n\n\n\n<hr class=\"wp-block-separator has-alpha-channel-opacity\"\/>\n\n\n\n<h2 class=\"wp-block-heading\">Wir freuen uns auf Ihre Anfrage<\/h2>\n\n\n\n<p class=\"has-medium-font-size\">Tel.: +49 176 21948769 I booking@zamboconson.de<\/p>\n\n\n\n<p><\/p>\n","protected":false},"excerpt":{"rendered":"<p>S\u00fcdamerikanisches Gef\u00fchl mit Zambo Neben Gracias a la Vida spielt Zambo viele andere bekannte kubanische und s\u00fcdamerikanische Klassiker und Kompositionen. Sie k\u00f6nnen Zambo auch in kleineren Formationen mit anderen Musikern buchen, f\u00fcr Ihre Party, Ihre Hochzeit oder andere Gelegenheiten, es wird auf jeden Fall ein unvergessliches und lebensfrohes Erlebnis! Wir freuen uns auf Ihre Anfrage <a href=\"https:\/\/zamboconson.de\/?page_id=70\" class=\"read-more inline\">Read More<\/a><\/p>\n","protected":false},"author":1,"featured_media":0,"parent":0,"menu_order":0,"comment_status":"closed","ping_status":"closed","template":"","meta":{"footnotes":""},"class_list":["post-70","page","type-page","status-publish","hentry"],"_links":{"self":[{"href":"https:\/\/zamboconson.de\/index.php?rest_route=\/wp\/v2\/pages\/70","targetHints":{"allow":["GET"]}}],"collection":[{"href":"https:\/\/zamboconson.de\/index.php?rest_route=\/wp\/v2\/pages"}],"about":[{"href":"https:\/\/zamboconson.de\/index.php?rest_route=\/wp\/v2\/types\/page"}],"author":[{"embeddable":true,"href":"https:\/\/zamboconson.de\/index.php?rest_route=\/wp\/v2\/users\/1"}],"replies":[{"embeddable":true,"href":"https:\/\/zamboconson.de\/index.php?rest_route=%2Fwp%2Fv2%2Fcomments&post=70"}],"version-history":[{"count":21,"href":"https:\/\/zamboconson.de\/index.php?rest_route=\/wp\/v2\/pages\/70\/revisions"}],"predecessor-version":[{"id":272,"href":"https:\/\/zamboconson.de\/index.php?rest_route=\/wp\/v2\/pages\/70\/revisions\/272"}],"wp:attachment":[{"href":"https:\/\/zamboconson.de\/index.php?rest_route=%2Fwp%2Fv2%2Fmedia&parent=70"}],"curies":[{"name":"wp","href":"https:\/\/api.w.org\/{rel}","templated":true}]}}